{"id":14,"date":"2019-11-25T08:15:39","date_gmt":"2019-11-25T07:15:39","guid":{"rendered":"http:\/\/sir.kpodr.pl\/?page_id=14"},"modified":"2020-05-11T14:17:12","modified_gmt":"2020-05-11T12:17:12","slug":"wydarzenia","status":"publish","type":"page","link":"https:\/\/sir.kpodr.pl\/index.php\/wydarzenia\/","title":{"rendered":"Wydarzenia"},"content":{"rendered":"\n      <div id=\"post-grid-lazy-23111\" class=\"post-grid-lazy\"><img decoding=\"async\" alt=\"\" src=\"\" \/><\/div>\n    <script>\n      jQuery('#post-grid-lazy-23111').ready(function($) {\n        $('#post-grid-lazy-23111').fadeOut();\n        $('#post-grid-23111   ').fadeIn();\n      })\n    <\/script>\n    <style type=\"text\/css\">\n      #post-grid-23111 {\n        display: none;\n      }\n\n      .post-grid-lazy {\n        text-align: center;\n      }\n    <\/style>\n    <div data-options='{&quot;id&quot;:&quot;23111&quot;,&quot;lazy_load&quot;:&quot;yes&quot;,&quot;masonry_enable&quot;:&quot;no&quot;,&quot;view_type&quot;:&quot;grid&quot;}' id=\"post-grid-23111\" class=\"post-grid grid\">\n    \n\n\n    <div class=\"grid-items\">\n      <div class=\"item item-24875 skin flat even 0 \">\n        <div class=\"layer-wrapper layout-\">\n        <div class=\"layer-media\"><a href=\"https:\/\/sir.kpodr.pl\/index.php\/2022\/09\/06\/konferencja-pn-rolnictwo-ekologiczne-szansa-na-lepsza-przyszlosc\/\"><img decoding=\"async\" alt=\"\" src=\"https:\/\/sir.kpodr.pl\/wp-content\/uploads\/2022\/09\/logo.jpg\" \/><\/a><\/div>\n  <div class=\"layer-content\">\n        <div class=\"element element_0  title_link \">\r\n                    <a target=\"\"\r\n                href=\"https:\/\/sir.kpodr.pl\/index.php\/2022\/09\/06\/konferencja-pn-rolnictwo-ekologiczne-szansa-na-lepsza-przyszlosc\/\">Konferencja pn. \u201eRolnictwo ekologiczne szans\u0105 na lepsz\u0105 przysz\u0142o\u015b\u0107\u201d<\/a>\r\n            <\/div>\r\n    <div class=\"element element_1  excerpt \">\r\n        Zaproszenie Kujawsko- Pomorski O\u015brodek Doradztwa Rolniczego w Minikowie serdecznie zaprasza na konferencj\u0119 pn. \u201eRolnictwo ekologiczne szans\u0105 na lepsz\u0105 przysz\u0142o\u015b\u0107\u201d oraz            <\/div>\r\n            <a class=\"element element_2  read_more \"\r\n            target=\"\"\r\n            href=\"https:\/\/sir.kpodr.pl\/index.php\/2022\/09\/06\/konferencja-pn-rolnictwo-ekologiczne-szansa-na-lepsza-przyszlosc\/\"><\/a>\r\n      <\/div>\n    <\/div>\n  <\/div><div class=\"item item-23914 skin flat odd 1 \">\n        <div class=\"layer-wrapper layout-\">\n        <div class=\"layer-media\"><a href=\"https:\/\/sir.kpodr.pl\/index.php\/2021\/03\/11\/szkolenie-dotyczace-naboru-wnioskow-na-dzialanie-wspolpraca-krotkie-lancuchy-dostaw\/\"><img decoding=\"async\" alt=\"\" src=\"https:\/\/sir.kpodr.pl\/wp-content\/uploads\/2021\/03\/szkolenia.jpg\" \/><\/a><\/div>\n  <div class=\"layer-content\">\n        <div class=\"element element_0  title_link \">\r\n                    <a target=\"\"\r\n                href=\"https:\/\/sir.kpodr.pl\/index.php\/2021\/03\/11\/szkolenie-dotyczace-naboru-wnioskow-na-dzialanie-wspolpraca-krotkie-lancuchy-dostaw\/\">Szkolenie dotycz\u0105ce naboru wniosk\u00f3w na dzia\u0142anie Wsp\u00f3\u0142praca &#8211; Kr\u00f3tkie \u0141a\u0144cuchy Dostaw<\/a>\r\n            <\/div>\r\n    <div class=\"element element_1  excerpt \">\r\n        Zach\u0119camy do udzia\u0142u w szkoleniu organizowanym przez ARiMR dotycz\u0105cym naboru wniosk\u00f3w na dzia\u0142anie Wsp\u00f3\u0142praca - Kr\u00f3tkie \u0141a\u0144cuchy Dostaw. \u2022 Szkolenie            <\/div>\r\n            <a class=\"element element_2  read_more \"\r\n            target=\"\"\r\n            href=\"https:\/\/sir.kpodr.pl\/index.php\/2021\/03\/11\/szkolenie-dotyczace-naboru-wnioskow-na-dzialanie-wspolpraca-krotkie-lancuchy-dostaw\/\"><\/a>\r\n      <\/div>\n    <\/div>\n  <\/div><div class=\"item item-23872 skin flat even 2 \">\n        <div class=\"layer-wrapper layout-\">\n        <div class=\"layer-media\"><a href=\"https:\/\/sir.kpodr.pl\/index.php\/2021\/01\/29\/konferencja-lokalne-partnerstwa-wodne-szansa-racjonalnej-gospodarki-wodnej\/\"><img decoding=\"async\" alt=\"\" src=\"https:\/\/sir.kpodr.pl\/wp-content\/uploads\/2021\/01\/logowanie-LWP_wyrozniajace_male.jpg\" \/><\/a><\/div>\n  <div class=\"layer-content\">\n        <div class=\"element element_0  title_link \">\r\n                    <a target=\"\"\r\n                href=\"https:\/\/sir.kpodr.pl\/index.php\/2021\/01\/29\/konferencja-lokalne-partnerstwa-wodne-szansa-racjonalnej-gospodarki-wodnej\/\">KONFERENCJA \u2013 LOKALNE PARTNERSTWA WODNE SZANS\u0104 RACJONALNEJ GOSPODARKI WODNEJ \u2026<\/a>\r\n            <\/div>\r\n    <div class=\"element element_1  excerpt \">\r\n        28 stycznia w Kujawsko-Pomorskim O\u015brodku Doradztwa Rolniczego w Minikowie odby\u0142a si\u0119 konferencja online pt:&nbsp;\u201eLokalne Partnerstwa Wodne szans\u0105 racjonalnej gospodarki wodnej            <\/div>\r\n            <a class=\"element element_2  read_more \"\r\n            target=\"\"\r\n            href=\"https:\/\/sir.kpodr.pl\/index.php\/2021\/01\/29\/konferencja-lokalne-partnerstwa-wodne-szansa-racjonalnej-gospodarki-wodnej\/\"><\/a>\r\n      <\/div>\n    <\/div>\n  <\/div><div class=\"item item-23758 skin flat odd 3 \">\n        <div class=\"layer-wrapper layout-\">\n        <div class=\"layer-media\"><a href=\"https:\/\/sir.kpodr.pl\/index.php\/2020\/11\/03\/wyjazd-studyjny-rolnikow-ekologicznych-do-wojewodztwa-lubelskiego-i-podkarpackiego\/\"><img decoding=\"async\" alt=\"\" src=\"https:\/\/sir.kpodr.pl\/wp-content\/uploads\/2020\/11\/wyrozniajacy_ok-1024x627.jpg\" \/><\/a><\/div>\n  <div class=\"layer-content\">\n        <div class=\"element element_0  title_link \">\r\n                    <a target=\"\"\r\n                href=\"https:\/\/sir.kpodr.pl\/index.php\/2020\/11\/03\/wyjazd-studyjny-rolnikow-ekologicznych-do-wojewodztwa-lubelskiego-i-podkarpackiego\/\">WYJAZD STUDYJNY ROLNIK\u00d3W EKOLOGICZNYCH DO WOJEW\u00d3DZTWA LUBELSKIEGO i PODKARPACKIEGO<\/a>\r\n            <\/div>\r\n    <div class=\"element element_1  excerpt \">\r\n        Rolnictwo ekologiczne jest bardzo trudnym systemem produkcji, wymagaj\u0105cym du\u017cej wiedzy, zaanga\u017cowania oraz do\u015bwiadczenia. Gwarantuje powstawanie produkt\u00f3w najwy\u017cszej jako\u015bci oraz poszanowanie            <\/div>\r\n            <a class=\"element element_2  read_more \"\r\n            target=\"\"\r\n            href=\"https:\/\/sir.kpodr.pl\/index.php\/2020\/11\/03\/wyjazd-studyjny-rolnikow-ekologicznych-do-wojewodztwa-lubelskiego-i-podkarpackiego\/\"><\/a>\r\n      <\/div>\n    <\/div>\n  <\/div><div class=\"item item-23650 skin flat even 4 \">\n        <div class=\"layer-wrapper layout-\">\n        <div class=\"layer-media\"><a href=\"https:\/\/sir.kpodr.pl\/index.php\/2020\/10\/05\/to-byl-dobry-rok-dla-ziemniaka-konferencja-i-konkurs-w-minikowie-i-grubnie\/\"><img decoding=\"async\" src=\"https:\/\/sir.kpodr.pl\/wp-content\/uploads\/2020\/10\/konkurs_ekologiczny-1024x140.jpg\" \/><\/a><\/div>\n  <div class=\"layer-content\">\n        <div class=\"element element_0  title_link \">\r\n                    <a target=\"\"\r\n                href=\"https:\/\/sir.kpodr.pl\/index.php\/2020\/10\/05\/to-byl-dobry-rok-dla-ziemniaka-konferencja-i-konkurs-w-minikowie-i-grubnie\/\">TO BY\u0141 DOBRY ROK DLA ZIEMNIAKA \u2013 KONFERENCJA i KONKURS W MINIKOWIE i GRUBNIE<\/a>\r\n            <\/div>\r\n    <div class=\"element element_1  excerpt \">\r\n        Kolekcje odmian ro\u015blin uprawnych zak\u0142adane dla potrzeb Dni Pola, to dobre miejsca dla weryfikacji i por\u00f3wnania z w\u0142asnymi polami. To            <\/div>\r\n            <a class=\"element element_2  read_more \"\r\n            target=\"\"\r\n            href=\"https:\/\/sir.kpodr.pl\/index.php\/2020\/10\/05\/to-byl-dobry-rok-dla-ziemniaka-konferencja-i-konkurs-w-minikowie-i-grubnie\/\"><\/a>\r\n      <\/div>\n    <\/div>\n  <\/div><div class=\"item item-23617 skin flat odd 5 \">\n        <div class=\"layer-wrapper layout-\">\n        <div class=\"layer-media\"><a href=\"https:\/\/sir.kpodr.pl\/index.php\/2020\/10\/01\/podsumowaniu-konkursu-na-najlepsze-gospodarstwo-ekologiczne\/\"><img decoding=\"async\" alt=\"\" src=\"https:\/\/sir.kpodr.pl\/wp-content\/uploads\/2020\/10\/IMG6961-1024x593-640x480-1.jpg\" \/><\/a><\/div>\n  <div class=\"layer-content\">\n        <div class=\"element element_0  title_link \">\r\n                    <a target=\"\"\r\n                href=\"https:\/\/sir.kpodr.pl\/index.php\/2020\/10\/01\/podsumowaniu-konkursu-na-najlepsze-gospodarstwo-ekologiczne\/\">PODSUMOWANIU KONKURSU \u201eNA NAJLEPSZE GOSPODARSTWO EKOLOGICZNE\u201d<\/a>\r\n            <\/div>\r\n    <div class=\"element element_1  excerpt \">\r\n        20 wrze\u015bnia 2020 roku podczas uroczystego otwarcia Centrum Transferu Wiedzy i Innowacji im. Leona Janty-Po\u0142czy\u0144skiego odby\u0142o si\u0119 podsumowanie etapu wojew\u00f3dzkiego            <\/div>\r\n            <a class=\"element element_2  read_more \"\r\n            target=\"\"\r\n            href=\"https:\/\/sir.kpodr.pl\/index.php\/2020\/10\/01\/podsumowaniu-konkursu-na-najlepsze-gospodarstwo-ekologiczne\/\"><\/a>\r\n      <\/div>\n    <\/div>\n  <\/div><div class=\"item item-23583 skin flat even 6 \">\n        <div class=\"layer-wrapper layout-\">\n        <div class=\"layer-media\"><a href=\"https:\/\/sir.kpodr.pl\/index.php\/2020\/07\/27\/krajowe-dni-pola-2020\/\"><img decoding=\"async\" alt=\"\" src=\"https:\/\/sir.kpodr.pl\/wp-content\/uploads\/2020\/07\/IMG_1918_ok.jpg\" \/><\/a><\/div>\n  <div class=\"layer-content\">\n        <div class=\"element element_0  title_link \">\r\n                    <a target=\"\"\r\n                href=\"https:\/\/sir.kpodr.pl\/index.php\/2020\/07\/27\/krajowe-dni-pola-2020\/\">Krajowe Dni Pola 2020<\/a>\r\n            <\/div>\r\n    <div class=\"element element_1  excerpt \">\r\n        W dniach&nbsp;20-23 czerwca 2020&nbsp;r. w Minikowie odby\u0142y si\u0119 Krajowe Dni Pola organizowane przez Kujawsko-Pomorski O\u015brodek Doradztwa Rolniczego we wsp\u00f3\u0142pracy z            <\/div>\r\n            <a class=\"element element_2  read_more \"\r\n            target=\"\"\r\n            href=\"https:\/\/sir.kpodr.pl\/index.php\/2020\/07\/27\/krajowe-dni-pola-2020\/\"><\/a>\r\n      <\/div>\n    <\/div>\n  <\/div><div class=\"item item-23104 skin flat odd 7 \">\n        <div class=\"layer-wrapper layout-\">\n        <div class=\"layer-media\"><a href=\"https:\/\/sir.kpodr.pl\/index.php\/2019\/12\/18\/program-konopny-relacja-ze-spotkania-2\/\"><img decoding=\"async\" alt=\"\" src=\"https:\/\/sir.kpodr.pl\/wp-content\/uploads\/2020\/05\/IMG_1208-001-1024x683-640x480-2.jpg\" \/><\/a><\/div>\n  <div class=\"layer-content\">\n        <div class=\"element element_0  title_link \">\r\n                    <a target=\"\"\r\n                href=\"https:\/\/sir.kpodr.pl\/index.php\/2019\/12\/18\/program-konopny-relacja-ze-spotkania-2\/\">Program konopny \u2013 relacja ze spotkania<\/a>\r\n            <\/div>\r\n    <div class=\"element element_1  excerpt \">\r\n        17.12.2019 r. w Minikowie odby\u0142o si\u0119 spotkanie informacyjne na temat&nbsp;Programu Konopnego, kt\u00f3re Kujawsko-Pomorski O\u015brodek Doradztwa Rolniczego wsp\u00f3\u0142organizowa\u0142 z Instytutem W\u0142\u00f3kien            <\/div>\r\n            <a class=\"element element_2  read_more \"\r\n            target=\"\"\r\n            href=\"https:\/\/sir.kpodr.pl\/index.php\/2019\/12\/18\/program-konopny-relacja-ze-spotkania-2\/\"><\/a>\r\n      <\/div>\n    <\/div>\n  <\/div>    <\/div>\n    <div class=\"pagination\">\n      <div class=\"paginate\">\n      <\/div>\n  <style type=\"text\/css\">\n    #post-grid-23111 .pagination .page-numbers {\n      font-size: 16px;\n      color: #fff;\n      background: #646464;\n    }\n\n    #post-grid-23111 .pagination .page-numbers:hover,\n    #post-grid-23111 .pagination .page-numbers.current {\n      background: #4b4b4b;\n    }\n  <\/style>\n  <\/div>\n      <script>\n          <\/script>\n    <style type=\"text\/css\">\n    #post-grid-23111 .element_0 {\n      display: block;font-size: 21px;line-height: normal;padding: 5px 10px;text-align: left; text-decoration: none;    }\n\n    #post-grid-23111 .element_1 {\n      display: block;font-size: 14px;padding: 5px 10px;text-align: left;    }\n\n    #post-grid-23111 .element_2 {\n      display: block;font-size: 12px;font-weight: bold;padding: 0 10px;text-align: left;text-decoration: none;    }\n\n    #post-grid-23111 .element_0:hover{}#post-grid-23111 .element_1:hover{}#post-grid-23111 .element_2:hover{}  <\/style>\n  <style type=\"text\/css\">\n    #post-grid-23111 {\n      padding: 10px;\n          }\n\n    #post-grid-23111 .item {\n      padding: 0px;\n      background: #fff;\n          }\n\n    #post-grid-23111 .item .layer-media {\n      height:auto;    }\n\n    @media only screen and (min-width: 0px) and (max-width: 767px) {\n      #post-grid-23111 .grid-items {\n        text-align: center;\n              }\n\n      #post-grid-23111 .item {\n        width: 90%;\n        margin: 10px;\n        display: inline-block;\n        vertical-align: top;\n        height:auto;      }\n    }\n\n    @media only screen and (min-width: 768px) and (max-width: 1023px) {\n      #post-grid-23111 .grid-items {\n        text-align: center;\n              }\n\n      #post-grid-23111 .item {\n        width: 280px;\n        margin: 10px;\n        display: inline-block;\n        vertical-align: top;\n        max-height:auto;      }\n    }\n\n    @media only screen and (min-width: 1024px) {\n      #post-grid-23111 .grid-items {\n        text-align: center;\n              }\n\n      #post-grid-23111 .item {\n        width: 280px;\n        display: inline-block;\n        margin: 10px;\n        vertical-align: top;\n        height:auto;      }\n    }\n\n      <\/style>\n  <\/div>\n\n\n\n\n<h1 class=\"has-very-dark-gray-color has-text-color wp-block-heading\">Kalendarium<\/h1>\n\n\n\n<p> [MEC id=&#8221;22984&#8243;] <\/p>\n","protected":false},"excerpt":{"rendered":"<p>Kalendarium [MEC id=&#8221;22984&#8243;]<\/p>\n","protected":false},"author":1,"featured_media":0,"parent":0,"menu_order":0,"comment_status":"closed","ping_status":"closed","template":"","meta":{"colormag_page_container_layout":"default_layout","colormag_page_sidebar_layout":"default_layout","footnotes":""},"class_list":["post-14","page","type-page","status-publish","hentry"],"_links":{"self":[{"href":"https:\/\/sir.kpodr.pl\/index.php\/wp-json\/wp\/v2\/pages\/14","targetHints":{"allow":["GET"]}}],"collection":[{"href":"https:\/\/sir.kpodr.pl\/index.php\/wp-json\/wp\/v2\/pages"}],"about":[{"href":"https:\/\/sir.kpodr.pl\/index.php\/wp-json\/wp\/v2\/types\/page"}],"author":[{"embeddable":true,"href":"https:\/\/sir.kpodr.pl\/index.php\/wp-json\/wp\/v2\/users\/1"}],"replies":[{"embeddable":true,"href":"https:\/\/sir.kpodr.pl\/index.php\/wp-json\/wp\/v2\/comments?post=14"}],"version-history":[{"count":3,"href":"https:\/\/sir.kpodr.pl\/index.php\/wp-json\/wp\/v2\/pages\/14\/revisions"}],"predecessor-version":[{"id":23112,"href":"https:\/\/sir.kpodr.pl\/index.php\/wp-json\/wp\/v2\/pages\/14\/revisions\/23112"}],"wp:attachment":[{"href":"https:\/\/sir.kpodr.pl\/index.php\/wp-json\/wp\/v2\/media?parent=14"}],"curies":[{"name":"wp","href":"https:\/\/api.w.org\/{rel}","templated":true}]}}