{"id":23063,"date":"2020-05-05T09:33:24","date_gmt":"2020-05-05T07:33:24","guid":{"rendered":"http:\/\/sir.kpodr.pl\/?page_id=23063"},"modified":"2020-05-11T14:19:12","modified_gmt":"2020-05-11T12:19:12","slug":"aktualnosci-2","status":"publish","type":"page","link":"https:\/\/sir.kpodr.pl\/index.php\/aktualnosci-2\/","title":{"rendered":"Aktualno\u015bci"},"content":{"rendered":"\n      <div id=\"post-grid-lazy-23113\" class=\"post-grid-lazy\"><img decoding=\"async\" alt=\"\" src=\"\" \/><\/div>\n    <script>\n      jQuery('#post-grid-lazy-23113').ready(function($) {\n        $('#post-grid-lazy-23113').fadeOut();\n        $('#post-grid-23113   ').fadeIn();\n      })\n    <\/script>\n    <style type=\"text\/css\">\n      #post-grid-23113 {\n        display: none;\n      }\n\n      .post-grid-lazy {\n        text-align: center;\n      }\n    <\/style>\n    <div data-options='{&quot;id&quot;:&quot;23113&quot;,&quot;lazy_load&quot;:&quot;yes&quot;,&quot;masonry_enable&quot;:&quot;no&quot;,&quot;view_type&quot;:&quot;grid&quot;}' id=\"post-grid-23113\" class=\"post-grid grid\">\n    \n\n\n    <div class=\"grid-items\">\n      <div class=\"item item-27323 skin flat even 0 \">\n        <div class=\"layer-wrapper layout-\">\n        <div class=\"layer-media\"><a href=\"https:\/\/sir.kpodr.pl\/index.php\/2025\/05\/05\/rolnictwo-i-innowacje-majowy-biuletyn-ksow\/\"><img decoding=\"async\" alt=\"\" src=\"https:\/\/sir.kpodr.pl\/wp-content\/uploads\/2025\/05\/k.jpg\" \/><\/a><\/div>\n  <div class=\"layer-content\">\n        <div class=\"element element_0  title_link \">\r\n                    <a target=\"\"\r\n                href=\"https:\/\/sir.kpodr.pl\/index.php\/2025\/05\/05\/rolnictwo-i-innowacje-majowy-biuletyn-ksow\/\">ROLNICTWO I INNOWACJE \u2013 majowy biuletyn KSOW+<\/a>\r\n            <\/div>\r\n    <div class=\"element element_1  excerpt \">\r\n        &nbsp;            <\/div>\r\n            <a class=\"element element_2  read_more \"\r\n            target=\"\"\r\n            href=\"https:\/\/sir.kpodr.pl\/index.php\/2025\/05\/05\/rolnictwo-i-innowacje-majowy-biuletyn-ksow\/\"><\/a>\r\n      <\/div>\n    <\/div>\n  <\/div><div class=\"item item-27311 skin flat odd 1 \">\n        <div class=\"layer-wrapper layout-\">\n        <div class=\"layer-media\"><a href=\"https:\/\/sir.kpodr.pl\/index.php\/2025\/04\/30\/podsumowanie-projektu-soss\/\"><img decoding=\"async\" alt=\"\" src=\"https:\/\/sir.kpodr.pl\/wp-content\/uploads\/2025\/04\/3-1024x571.jpg\" \/><\/a><\/div>\n  <div class=\"layer-content\">\n        <div class=\"element element_0  title_link \">\r\n                    <a target=\"\"\r\n                href=\"https:\/\/sir.kpodr.pl\/index.php\/2025\/04\/30\/podsumowanie-projektu-soss\/\">Podsumowanie projektu SOSS<\/a>\r\n            <\/div>\r\n    <div class=\"element element_1  excerpt \">\r\n        Kamienie na polu powoduj\u0105 wiele problem\u00f3w. Doprowadzaj\u0105 one do szybszego zu\u017cycia element\u00f3w roboczych maszyn cz\u0119sto nawet uszkadzaj\u0105c maszyn\u0119. Zakamienione pola            <\/div>\r\n            <a class=\"element element_2  read_more \"\r\n            target=\"\"\r\n            href=\"https:\/\/sir.kpodr.pl\/index.php\/2025\/04\/30\/podsumowanie-projektu-soss\/\"><\/a>\r\n      <\/div>\n    <\/div>\n  <\/div><div class=\"item item-27289 skin flat even 2 \">\n        <div class=\"layer-wrapper layout-\">\n        <div class=\"layer-media\"><a href=\"https:\/\/sir.kpodr.pl\/index.php\/2025\/04\/28\/ochrona-zasobow-przyrodniczych-na-obszarach-wiejskich\/\"><img decoding=\"async\" alt=\"\" src=\"https:\/\/sir.kpodr.pl\/wp-content\/uploads\/2025\/04\/IMG_2204-1024x575.jpg\" \/><\/a><\/div>\n  <div class=\"layer-content\">\n        <div class=\"element element_0  title_link \">\r\n                    <a target=\"\"\r\n                href=\"https:\/\/sir.kpodr.pl\/index.php\/2025\/04\/28\/ochrona-zasobow-przyrodniczych-na-obszarach-wiejskich\/\">Ochrona zasob\u00f3w przyrodniczych na obszarach wiejskich<\/a>\r\n            <\/div>\r\n    <div class=\"element element_1  excerpt \">\r\n        Kujawsko-Pomorski O\u015brodek Doradztwa Rolniczego w Minikowie to miejsce spotka\u0144, rozm\u00f3w merytorycznych, a tak\u017ce wymiany informacji i do\u015bwiadcze\u0144. 24 kwietnia 2025            <\/div>\r\n            <a class=\"element element_2  read_more \"\r\n            target=\"\"\r\n            href=\"https:\/\/sir.kpodr.pl\/index.php\/2025\/04\/28\/ochrona-zasobow-przyrodniczych-na-obszarach-wiejskich\/\"><\/a>\r\n      <\/div>\n    <\/div>\n  <\/div><div class=\"item item-27280 skin flat odd 3 \">\n        <div class=\"layer-wrapper layout-\">\n        <div class=\"layer-media\"><a href=\"https:\/\/sir.kpodr.pl\/index.php\/2025\/04\/16\/przyznanie-pomocy-technicznej-na-realizacje-operacji-przez-kujawsko-pomorski-osrodek-doradztwa-rolniczego-14\/\"><img decoding=\"async\" src=\"https:\/\/sir.kpodr.pl\/wp-content\/uploads\/2025\/04\/plakat-fII24-scaled.jpg\" \/><\/a><\/div>\n  <div class=\"layer-content\">\n        <div class=\"element element_0  title_link \">\r\n                    <a target=\"\"\r\n                href=\"https:\/\/sir.kpodr.pl\/index.php\/2025\/04\/16\/przyznanie-pomocy-technicznej-na-realizacje-operacji-przez-kujawsko-pomorski-osrodek-doradztwa-rolniczego-14\/\">PRZYZNANIE POMOCY TECHNICZNEJ NA REALIZACJ\u0118 OPERACJI PRZEZ KUJAWSKO-POMORSKI O\u015aRODEK DORADZTWA ROLNICZEGO<\/a>\r\n            <\/div>\r\n    <div class=\"element element_1  excerpt \">\r\n                    <\/div>\r\n            <a class=\"element element_2  read_more \"\r\n            target=\"\"\r\n            href=\"https:\/\/sir.kpodr.pl\/index.php\/2025\/04\/16\/przyznanie-pomocy-technicznej-na-realizacje-operacji-przez-kujawsko-pomorski-osrodek-doradztwa-rolniczego-14\/\"><\/a>\r\n      <\/div>\n    <\/div>\n  <\/div><div class=\"item item-27270 skin flat even 4 \">\n        <div class=\"layer-wrapper layout-\">\n        <div class=\"layer-media\"><a href=\"https:\/\/sir.kpodr.pl\/index.php\/2025\/04\/01\/wsparcie-operacji-realizowanych-w-ramach-ksow\/\"><img decoding=\"async\" src=\"https:\/\/sir.kpodr.pl\/wp-content\/uploads\/2025\/04\/funkcjonowanie-plakatII_warsztaty-1-scaled.jpg\" \/><\/a><\/div>\n  <div class=\"layer-content\">\n        <div class=\"element element_0  title_link \">\r\n                    <a target=\"\"\r\n                href=\"https:\/\/sir.kpodr.pl\/index.php\/2025\/04\/01\/wsparcie-operacji-realizowanych-w-ramach-ksow\/\">Wsparcie operacji realizowanych w ramach KSOW+<\/a>\r\n            <\/div>\r\n    <div class=\"element element_1  excerpt \">\r\n                    <\/div>\r\n            <a class=\"element element_2  read_more \"\r\n            target=\"\"\r\n            href=\"https:\/\/sir.kpodr.pl\/index.php\/2025\/04\/01\/wsparcie-operacji-realizowanych-w-ramach-ksow\/\"><\/a>\r\n      <\/div>\n    <\/div>\n  <\/div><div class=\"item item-27267 skin flat odd 5 \">\n        <div class=\"layer-wrapper layout-\">\n        <div class=\"layer-media\"><a href=\"https:\/\/sir.kpodr.pl\/index.php\/2025\/04\/01\/wsparcie-wdrazania-planu-strategicznego-wpr-oraz-utworzenie-i-funkcjonowanie-ksow-poprzez-zatrudnienie-pracownikow-realizujacych-zadania-w-zakresie-ksow-oraz-sfinansowanie-kosztow-ich-wyjazdow-sluzb\/\"><img decoding=\"async\" src=\"https:\/\/sir.kpodr.pl\/wp-content\/uploads\/2025\/04\/funkcjonowanie-plakat1-1-scaled.jpg\" \/><\/a><\/div>\n  <div class=\"layer-content\">\n        <div class=\"element element_0  title_link \">\r\n                    <a target=\"\"\r\n                href=\"https:\/\/sir.kpodr.pl\/index.php\/2025\/04\/01\/wsparcie-wdrazania-planu-strategicznego-wpr-oraz-utworzenie-i-funkcjonowanie-ksow-poprzez-zatrudnienie-pracownikow-realizujacych-zadania-w-zakresie-ksow-oraz-sfinansowanie-kosztow-ich-wyjazdow-sluzb\/\">Wsparcie wdra\u017cania Planu Strategicznego WPR oraz utworzenie i funkcjonowanie KSOW+ poprzez zatrudnienie pracownik\u00f3w realizuj\u0105cych zadania w zakresie KSOW+ oraz sfinansowanie...<\/a>\r\n            <\/div>\r\n    <div class=\"element element_1  excerpt \">\r\n                    <\/div>\r\n            <a class=\"element element_2  read_more \"\r\n            target=\"\"\r\n            href=\"https:\/\/sir.kpodr.pl\/index.php\/2025\/04\/01\/wsparcie-wdrazania-planu-strategicznego-wpr-oraz-utworzenie-i-funkcjonowanie-ksow-poprzez-zatrudnienie-pracownikow-realizujacych-zadania-w-zakresie-ksow-oraz-sfinansowanie-kosztow-ich-wyjazdow-sluzb\/\"><\/a>\r\n      <\/div>\n    <\/div>\n  <\/div><div class=\"item item-27258 skin flat even 6 \">\n        <div class=\"layer-wrapper layout-\">\n        <div class=\"layer-media\"><a href=\"https:\/\/sir.kpodr.pl\/index.php\/2025\/03\/25\/27258\/\"><img decoding=\"async\" alt=\"\" src=\"https:\/\/sir.kpodr.pl\/wp-content\/uploads\/2025\/03\/1-766x1024.png\" \/><\/a><\/div>\n  <div class=\"layer-content\">\n        <div class=\"element element_0  title_link \">\r\n                    <a target=\"\"\r\n                href=\"https:\/\/sir.kpodr.pl\/index.php\/2025\/03\/25\/27258\/\">Uprawa zb\u00f3\u017c pierwotnych metodami ekologicznymi<\/a>\r\n            <\/div>\r\n    <div class=\"element element_1  excerpt \">\r\n        Kujawsko-Pomorski O\u015brodek Doradztwa Rolniczego w Minikowie Politechnika Bydgoska \u00a0im. Jana i J\u0119drzeja \u015aniadeckich zapraszaj\u0105 na konferencj\u0119 hybrydow\u0105 pn.: Uprawa zb\u00f3\u017c            <\/div>\r\n            <a class=\"element element_2  read_more \"\r\n            target=\"\"\r\n            href=\"https:\/\/sir.kpodr.pl\/index.php\/2025\/03\/25\/27258\/\"><\/a>\r\n      <\/div>\n    <\/div>\n  <\/div><div class=\"item item-27253 skin flat odd 7 \">\n        <div class=\"layer-wrapper layout-\">\n        <div class=\"layer-media\"><a href=\"https:\/\/sir.kpodr.pl\/index.php\/2025\/03\/19\/uprawa-4-0\/\"><img decoding=\"async\" alt=\"\" src=\"https:\/\/sir.kpodr.pl\/wp-content\/uploads\/2025\/03\/uprawa-4.0-1024x564.jpg\" \/><\/a><\/div>\n  <div class=\"layer-content\">\n        <div class=\"element element_0  title_link \">\r\n                    <a target=\"\"\r\n                href=\"https:\/\/sir.kpodr.pl\/index.php\/2025\/03\/19\/uprawa-4-0\/\">Uprawa 4.0<\/a>\r\n            <\/div>\r\n    <div class=\"element element_1  excerpt \">\r\n        Kujawsko-Pomorski O\u015brodek Doradztwa Rolniczego w Minikowie MZURI WORLD Sp. z o.o. zapraszaj\u0105 na konferencj\u0119: Uprawa 4.0 kt\u00f3ra odb\u0119dzie si\u0119 24            <\/div>\r\n            <a class=\"element element_2  read_more \"\r\n            target=\"\"\r\n            href=\"https:\/\/sir.kpodr.pl\/index.php\/2025\/03\/19\/uprawa-4-0\/\"><\/a>\r\n      <\/div>\n    <\/div>\n  <\/div><div class=\"item item-27248 skin flat even 8 \">\n        <div class=\"layer-wrapper layout-\">\n        <div class=\"layer-media\"><a href=\"https:\/\/sir.kpodr.pl\/index.php\/2025\/03\/10\/biuletyn-ksow-obszary-wiejskie-marcowy-do-pobrania\/\"><img decoding=\"async\" alt=\"\" src=\"https:\/\/sir.kpodr.pl\/wp-content\/uploads\/2025\/03\/csm_buraki2_09154f340e.jpg\" \/><\/a><\/div>\n  <div class=\"layer-content\">\n        <div class=\"element element_0  title_link \">\r\n                    <a target=\"\"\r\n                href=\"https:\/\/sir.kpodr.pl\/index.php\/2025\/03\/10\/biuletyn-ksow-obszary-wiejskie-marcowy-do-pobrania\/\">BIULETYN KSOW+ OBSZARY WIEJSKIE, marcowe wydanie do pobrania<\/a>\r\n            <\/div>\r\n    <div class=\"element element_1  excerpt \">\r\n                    <\/div>\r\n            <a class=\"element element_2  read_more \"\r\n            target=\"\"\r\n            href=\"https:\/\/sir.kpodr.pl\/index.php\/2025\/03\/10\/biuletyn-ksow-obszary-wiejskie-marcowy-do-pobrania\/\"><\/a>\r\n      <\/div>\n    <\/div>\n  <\/div><div class=\"item item-27243 skin flat odd 9 \">\n        <div class=\"layer-wrapper layout-\">\n        <div class=\"layer-media\"><a href=\"https:\/\/sir.kpodr.pl\/index.php\/2025\/03\/04\/wynagrodzenia-pracownikow-realizujacych-zadania-dotyczace-prow-2014-2020-zwiazane-z-funkcjonowaniem-sir-2025-r\/\"><img decoding=\"async\" src=\"https:\/\/sir.kpodr.pl\/wp-content\/uploads\/2025\/03\/plakat-scaled.jpg\" \/><\/a><\/div>\n  <div class=\"layer-content\">\n        <div class=\"element element_0  title_link \">\r\n                    <a target=\"\"\r\n                href=\"https:\/\/sir.kpodr.pl\/index.php\/2025\/03\/04\/wynagrodzenia-pracownikow-realizujacych-zadania-dotyczace-prow-2014-2020-zwiazane-z-funkcjonowaniem-sir-2025-r\/\">Wynagrodzenia pracownik\u00f3w realizuj\u0105cych zadania dotycz\u0105ce PROW 2014-2020 zwi\u0105zane z funkcjonowaniem SIR 2025 r.<\/a>\r\n            <\/div>\r\n    <div class=\"element element_1  excerpt \">\r\n                    <\/div>\r\n            <a class=\"element element_2  read_more \"\r\n            target=\"\"\r\n            href=\"https:\/\/sir.kpodr.pl\/index.php\/2025\/03\/04\/wynagrodzenia-pracownikow-realizujacych-zadania-dotyczace-prow-2014-2020-zwiazane-z-funkcjonowaniem-sir-2025-r\/\"><\/a>\r\n      <\/div>\n    <\/div>\n  <\/div><div class=\"item item-27239 skin flat even 10 \">\n        <div class=\"layer-wrapper layout-\">\n        <div class=\"layer-media\"><a href=\"https:\/\/sir.kpodr.pl\/index.php\/2025\/02\/26\/przyznanie-pomocy-technicznej-na-realizacje-operacji-przez-kujawsko-pomorski-osrodek-doradztwa-rolniczego-13\/\"><img decoding=\"async\" src=\"https:\/\/sir.kpodr.pl\/wp-content\/uploads\/2025\/02\/plakat-do-wniosku-II-scaled.jpg\" \/><\/a><\/div>\n  <div class=\"layer-content\">\n        <div class=\"element element_0  title_link \">\r\n                    <a target=\"\"\r\n                href=\"https:\/\/sir.kpodr.pl\/index.php\/2025\/02\/26\/przyznanie-pomocy-technicznej-na-realizacje-operacji-przez-kujawsko-pomorski-osrodek-doradztwa-rolniczego-13\/\">PRZYZNANIE POMOCY TECHNICZNEJ NA REALIZACJ\u0118 OPERACJI PRZEZ KUJAWSKO-POMORSKI O\u015aRODEK DORADZTWA ROLNICZEGO<\/a>\r\n            <\/div>\r\n    <div class=\"element element_1  excerpt \">\r\n                    <\/div>\r\n            <a class=\"element element_2  read_more \"\r\n            target=\"\"\r\n            href=\"https:\/\/sir.kpodr.pl\/index.php\/2025\/02\/26\/przyznanie-pomocy-technicznej-na-realizacje-operacji-przez-kujawsko-pomorski-osrodek-doradztwa-rolniczego-13\/\"><\/a>\r\n      <\/div>\n    <\/div>\n  <\/div><div class=\"item item-27236 skin flat odd 11 \">\n        <div class=\"layer-wrapper layout-\">\n        <div class=\"layer-media\"><a href=\"https:\/\/sir.kpodr.pl\/index.php\/2025\/02\/14\/biuletyn-ksow-obszary-wiejskie-lutowy-do-pobrania\/\"><img decoding=\"async\" alt=\"\" src=\"https:\/\/sir.kpodr.pl\/wp-content\/uploads\/2025\/02\/ca625117d7c6de01e7a80aa6094370060079c0f0be13345036d583fafd058489-1024x396.jpg\" \/><\/a><\/div>\n  <div class=\"layer-content\">\n        <div class=\"element element_0  title_link \">\r\n                    <a target=\"\"\r\n                href=\"https:\/\/sir.kpodr.pl\/index.php\/2025\/02\/14\/biuletyn-ksow-obszary-wiejskie-lutowy-do-pobrania\/\">BIULETYN KSOW+ OBSZARY WIEJSKIE, lutowy do pobrania<\/a>\r\n            <\/div>\r\n    <div class=\"element element_1  excerpt \">\r\n                    <\/div>\r\n            <a class=\"element element_2  read_more \"\r\n            target=\"\"\r\n            href=\"https:\/\/sir.kpodr.pl\/index.php\/2025\/02\/14\/biuletyn-ksow-obszary-wiejskie-lutowy-do-pobrania\/\"><\/a>\r\n      <\/div>\n    <\/div>\n  <\/div><div class=\"item item-27232 skin flat even 12 \">\n        <div class=\"layer-wrapper layout-\">\n        <div class=\"layer-media\"><a href=\"https:\/\/sir.kpodr.pl\/index.php\/2025\/02\/03\/biuletyn-ksow-rolnictwo-i-innowacje-lutowy-nr-do-pobrania\/\"><img decoding=\"async\" alt=\"\" src=\"https:\/\/sir.kpodr.pl\/wp-content\/uploads\/2025\/02\/csm_kobieta_660aa92ae1.jpg\" \/><\/a><\/div>\n  <div class=\"layer-content\">\n        <div class=\"element element_0  title_link \">\r\n                    <a target=\"\"\r\n                href=\"https:\/\/sir.kpodr.pl\/index.php\/2025\/02\/03\/biuletyn-ksow-rolnictwo-i-innowacje-lutowy-nr-do-pobrania\/\">BIULETYN KSOW+ ROLNICTWO I INNOWACJE, lutowy nr do pobrania<\/a>\r\n            <\/div>\r\n    <div class=\"element element_1  excerpt \">\r\n                    <\/div>\r\n            <a class=\"element element_2  read_more \"\r\n            target=\"\"\r\n            href=\"https:\/\/sir.kpodr.pl\/index.php\/2025\/02\/03\/biuletyn-ksow-rolnictwo-i-innowacje-lutowy-nr-do-pobrania\/\"><\/a>\r\n      <\/div>\n    <\/div>\n  <\/div><div class=\"item item-27230 skin flat odd 13 \">\n        <div class=\"layer-wrapper layout-\">\n        <div class=\"layer-media\"><a href=\"https:\/\/sir.kpodr.pl\/index.php\/2025\/01\/28\/przyznanie-pomocy-technicznej-na-realizacje-operacji-przez-kujawsko-pomorski-osrodek-doradztwa-rolniczego-12\/\"><img decoding=\"async\" src=\"https:\/\/sir.kpodr.pl\/wp-content\/uploads\/2025\/01\/plakat-do-wniosku-I-scaled.jpg\" \/><\/a><\/div>\n  <div class=\"layer-content\">\n        <div class=\"element element_0  title_link \">\r\n                    <a target=\"\"\r\n                href=\"https:\/\/sir.kpodr.pl\/index.php\/2025\/01\/28\/przyznanie-pomocy-technicznej-na-realizacje-operacji-przez-kujawsko-pomorski-osrodek-doradztwa-rolniczego-12\/\">PRZYZNANIE POMOCY TECHNICZNEJ NA REALIZACJ\u0118 OPERACJI PRZEZ KUJAWSKO-POMORSKI O\u015aRODEK DORADZTWA ROLNICZEGO<\/a>\r\n            <\/div>\r\n    <div class=\"element element_1  excerpt \">\r\n                    <\/div>\r\n            <a class=\"element element_2  read_more \"\r\n            target=\"\"\r\n            href=\"https:\/\/sir.kpodr.pl\/index.php\/2025\/01\/28\/przyznanie-pomocy-technicznej-na-realizacje-operacji-przez-kujawsko-pomorski-osrodek-doradztwa-rolniczego-12\/\"><\/a>\r\n      <\/div>\n    <\/div>\n  <\/div><div class=\"item item-27224 skin flat even 14 \">\n        <div class=\"layer-wrapper layout-\">\n        <div class=\"layer-media\"><a href=\"https:\/\/sir.kpodr.pl\/index.php\/2025\/01\/14\/https-9zm38-r-ag-d-sendibm3-com-mk-mr-sh-smjz09sdriohu03y52f1pxdb21zn-ojjr0cwlyeqh\/\"><img decoding=\"async\" alt=\"\" src=\"https:\/\/sir.kpodr.pl\/wp-content\/uploads\/2025\/01\/csm_apples-1004886_1280_617ca5dd24.jpg\" \/><\/a><\/div>\n  <div class=\"layer-content\">\n        <div class=\"element element_0  title_link \">\r\n                    <a target=\"\"\r\n                href=\"https:\/\/sir.kpodr.pl\/index.php\/2025\/01\/14\/https-9zm38-r-ag-d-sendibm3-com-mk-mr-sh-smjz09sdriohu03y52f1pxdb21zn-ojjr0cwlyeqh\/\">BIULETYN KSOW+ OBSZARY WIEJSKIE, styczniowy do pobrania<\/a>\r\n            <\/div>\r\n    <div class=\"element element_1  excerpt \">\r\n                    <\/div>\r\n            <a class=\"element element_2  read_more \"\r\n            target=\"\"\r\n            href=\"https:\/\/sir.kpodr.pl\/index.php\/2025\/01\/14\/https-9zm38-r-ag-d-sendibm3-com-mk-mr-sh-smjz09sdriohu03y52f1pxdb21zn-ojjr0cwlyeqh\/\"><\/a>\r\n      <\/div>\n    <\/div>\n  <\/div>    <\/div>\n    <div class=\"pagination\">\n      <div class=\"paginate\">\n    <span aria-current=\"page\" class=\"page-numbers current\">1<\/span>\n<a class=\"page-numbers\" href=\"https:\/\/sir.kpodr.pl\/index.php\/wp-json\/wp\/v2\/pages\/23063\/page\/2\/\">2<\/a>\n<a class=\"page-numbers\" href=\"https:\/\/sir.kpodr.pl\/index.php\/wp-json\/wp\/v2\/pages\/23063\/page\/3\/\">3<\/a>\n<span class=\"page-numbers dots\">&hellip;<\/span>\n<a class=\"page-numbers\" href=\"https:\/\/sir.kpodr.pl\/index.php\/wp-json\/wp\/v2\/pages\/23063\/page\/15\/\">15<\/a>\n<a class=\"next page-numbers\" href=\"https:\/\/sir.kpodr.pl\/index.php\/wp-json\/wp\/v2\/pages\/23063\/page\/2\/\">Next \u00bb<\/a>  <\/div>\n  <style type=\"text\/css\">\n    #post-grid-23113 .pagination .page-numbers {\n      font-size: 16px;\n      color: #fff;\n      background: #646464;\n    }\n\n    #post-grid-23113 .pagination .page-numbers:hover,\n    #post-grid-23113 .pagination .page-numbers.current {\n      background: #4b4b4b;\n    }\n  <\/style>\n  <\/div>\n      <script>\n          <\/script>\n    <style type=\"text\/css\">\n    #post-grid-23113 .element_0 {\n      display: block;font-size: 21px;line-height: normal;padding: 5px 10px;text-align: left; text-decoration: none;    }\n\n    #post-grid-23113 .element_1 {\n      display: block;font-size: 14px;padding: 5px 10px;text-align: left;    }\n\n    #post-grid-23113 .element_2 {\n      display: block;font-size: 12px;font-weight: bold;padding: 0 10px;text-align: left;text-decoration: none;    }\n\n    #post-grid-23113 .element_0:hover{}#post-grid-23113 .element_1:hover{}#post-grid-23113 .element_2:hover{}  <\/style>\n  <style type=\"text\/css\">\n    #post-grid-23113 {\n      padding: 10px;\n          }\n\n    #post-grid-23113 .item {\n      padding: 0px;\n      background: #fff;\n          }\n\n    #post-grid-23113 .item .layer-media {\n      height:auto;    }\n\n    @media only screen and (min-width: 0px) and (max-width: 767px) {\n      #post-grid-23113 .grid-items {\n        text-align: center;\n              }\n\n      #post-grid-23113 .item {\n        width: 90%;\n        margin: 10px;\n        display: inline-block;\n        vertical-align: top;\n        height:auto;      }\n    }\n\n    @media only screen and (min-width: 768px) and (max-width: 1023px) {\n      #post-grid-23113 .grid-items {\n        text-align: center;\n              }\n\n      #post-grid-23113 .item {\n        width: 280px;\n        margin: 10px;\n        display: inline-block;\n        vertical-align: top;\n        max-height:auto;      }\n    }\n\n    @media only screen and (min-width: 1024px) {\n      #post-grid-23113 .grid-items {\n        text-align: center;\n              }\n\n      #post-grid-23113 .item {\n        width: 280px;\n        display: inline-block;\n        margin: 10px;\n        vertical-align: top;\n        height:auto;      }\n    }\n\n      <\/style>\n  <\/div>\n\n","protected":false},"excerpt":{"rendered":"","protected":false},"author":2,"featured_media":0,"parent":0,"menu_order":0,"comment_status":"closed","ping_status":"closed","template":"","meta":{"colormag_page_container_layout":"default_layout","colormag_page_sidebar_layout":"default_layout","footnotes":""},"class_list":["post-23063","page","type-page","status-publish","hentry"],"_links":{"self":[{"href":"https:\/\/sir.kpodr.pl\/index.php\/wp-json\/wp\/v2\/pages\/23063","targetHints":{"allow":["GET"]}}],"collection":[{"href":"https:\/\/sir.kpodr.pl\/index.php\/wp-json\/wp\/v2\/pages"}],"about":[{"href":"https:\/\/sir.kpodr.pl\/index.php\/wp-json\/wp\/v2\/types\/page"}],"author":[{"embeddable":true,"href":"https:\/\/sir.kpodr.pl\/index.php\/wp-json\/wp\/v2\/users\/2"}],"replies":[{"embeddable":true,"href":"https:\/\/sir.kpodr.pl\/index.php\/wp-json\/wp\/v2\/comments?post=23063"}],"version-history":[{"count":2,"href":"https:\/\/sir.kpodr.pl\/index.php\/wp-json\/wp\/v2\/pages\/23063\/revisions"}],"predecessor-version":[{"id":23114,"href":"https:\/\/sir.kpodr.pl\/index.php\/wp-json\/wp\/v2\/pages\/23063\/revisions\/23114"}],"wp:attachment":[{"href":"https:\/\/sir.kpodr.pl\/index.php\/wp-json\/wp\/v2\/media?parent=23063"}],"curies":[{"name":"wp","href":"https:\/\/api.w.org\/{rel}","templated":true}]}}