{"id":27203,"date":"2024-12-18T11:55:34","date_gmt":"2024-12-18T10:55:34","guid":{"rendered":"https:\/\/sir.kpodr.pl\/?page_id=27203"},"modified":"2024-12-18T12:37:08","modified_gmt":"2024-12-18T11:37:08","slug":"ksow-4","status":"publish","type":"page","link":"https:\/\/sir.kpodr.pl\/index.php\/ksow-4\/","title":{"rendered":"KSOW+"},"content":{"rendered":"<p><img loading=\"lazy\" decoding=\"async\" class=\"alignnone size-full wp-image-27211 aligncenter\" src=\"https:\/\/sir.kpodr.pl\/wp-content\/uploads\/2024\/12\/230329_NOWE_LOGO_KSOW-01.jpg\" alt=\"\" width=\"376\" height=\"295\" srcset=\"https:\/\/sir.kpodr.pl\/wp-content\/uploads\/2024\/12\/230329_NOWE_LOGO_KSOW-01.jpg 376w, https:\/\/sir.kpodr.pl\/wp-content\/uploads\/2024\/12\/230329_NOWE_LOGO_KSOW-01-300x235.jpg 300w\" sizes=\"auto, (max-width: 376px) 100vw, 376px\" \/><\/p>\n<hr \/>\n<p>Krajowa Sie\u0107 Obszar\u00f3w Wiejskich+ (KSOW+)\u00a0to partnerska sie\u0107 wymiany informacji i wsp\u00f3\u0142pracy na szczeblu regionalnym, krajowym i mi\u0119dzynarodowym pomi\u0119dzy organizacjami i administracj\u0105, przedstawicielami sektora rolnictwa, doradcami, naukowcami, podmiotami zaanga\u017cowanymi we wdra\u017canie innowacji i innymi podmiotami dzia\u0142aj\u0105cymi na rzecz rozwoju rolnictwa, w tym podnoszeniu jego konkurencyjno\u015bci i poprawy jako\u015bci \u017cycia mieszka\u0144c\u00f3w wsi i ma\u0142ych miast.<\/p>\n<p class=\"has-text-align-center\">KSOW+ jest kontynuacj\u0105 <a href=\"https:\/\/ksow.pl\/\" target=\"_blank\" rel=\"noreferrer noopener\"><strong>Krajowej Sieci Obszar\u00f3w Wiejskich (KSOW)<\/strong><\/a>\u00a0dzia\u0142aj\u0105cej od 2009 roku,\u00a0<strong><a href=\"https:\/\/sir.cdr.gov.pl\/\" target=\"_blank\" rel=\"noreferrer noopener\">Sieci na Rzecz Innowacji w Rolnictwie i na Obszarach Wiejskich (SIR)<\/a>\u00a0<\/strong>dzia\u0142aj\u0105cej od 2015 roku i\u00a0<a href=\"https:\/\/gospodarstwademonstracyjne.cdr.gov.pl\/\" target=\"_blank\" rel=\"noreferrer noopener\"><strong>Sieci Gospodarstw Demonstracyjnych (SGD)<\/strong><\/a>, kt\u00f3ra funkcjonuje od 2015 roku. Zapewnia to ci\u0105g\u0142o\u015b\u0107 funkcjonowania oraz wykorzystanie zbudowanego dotychczas potencja\u0142u w zakresie do\u015bwiadczenia, wiedzy i wsp\u00f3\u0142pracy.<\/p>\n<p style=\"text-align: center;\"><img loading=\"lazy\" decoding=\"async\" class=\"alignnone size-full wp-image-27209\" src=\"https:\/\/sir.kpodr.pl\/wp-content\/uploads\/2024\/12\/KSOW.jpg\" alt=\"\" width=\"2220\" height=\"1719\" srcset=\"https:\/\/sir.kpodr.pl\/wp-content\/uploads\/2024\/12\/KSOW.jpg 2220w, https:\/\/sir.kpodr.pl\/wp-content\/uploads\/2024\/12\/KSOW-300x232.jpg 300w, https:\/\/sir.kpodr.pl\/wp-content\/uploads\/2024\/12\/KSOW-1024x793.jpg 1024w, https:\/\/sir.kpodr.pl\/wp-content\/uploads\/2024\/12\/KSOW-768x595.jpg 768w, https:\/\/sir.kpodr.pl\/wp-content\/uploads\/2024\/12\/KSOW-1536x1189.jpg 1536w, https:\/\/sir.kpodr.pl\/wp-content\/uploads\/2024\/12\/KSOW-2048x1586.jpg 2048w\" sizes=\"auto, (max-width: 2220px) 100vw, 2220px\" \/><\/p>\n<figure class=\"wp-block-image aligncenter is-resized\"><\/figure>\n<p class=\"has-text-align-center\">KSOW+ ma charakter otwarty \u2013 partnerami sieci mog\u0105 by\u0107 r\u00f3\u017cne podmioty zaanga\u017cowane w rozw\u00f3j rolnictwa i obszar\u00f3w wiejskich: w szczeg\u00f3lno\u015bci instytucje publiczne, podmioty gospodarcze i spo\u0142eczne, podmioty reprezentuj\u0105ce spo\u0142ecze\u0144stwo obywatelskie, osoby fizyczne (np. rolnicy), a tak\u017ce inne sieci, pod warunkiem, \u017ce wyra\u017c\u0105 wol\u0119 aktywnej wsp\u00f3\u0142pracy z KSOW+, m.in. rejestruj\u0105c si\u0119 w bazie partner\u00f3w KSOW+.<\/p>\n<p><strong>Wspiera:<\/strong><\/p>\n<p>\u2013 Wdra\u017canie Planu Strategicznego WPR na lata 2023-2027, w tym poprzez dzia\u0142ania informacyjne i promocyjne<\/p>\n<p>\u2013 Wymian\u0119 informacji, wiedzy i do\u015bwiadcze\u0144 oraz wzajemne uczenie si\u0119 mi\u0119dzy podmiotami zaanga\u017cowanymi w rozw\u00f3j rolnictwa i obszar\u00f3w wiejskich;<\/p>\n<p>\u2013 Ludzi i organizacje w dzia\u0142aniach na rzecz podnoszenia konkurencyjno\u015bci rolnictwa, wiejskich spo\u0142eczno\u015bci lokalnych oraz rozwoju obszar\u00f3w wiejskich<\/p>\n<p>\u2013 Partner\u00f3w we wsp\u00f3lnych dzia\u0142aniach<\/p>\n<p>\u2013 Lokalne Grupy Dzia\u0142ania, Grupy Operacyjne EPI oraz inne inicjatywy terytorialne<\/p>\n<p>\u2013 Tworzenie sieci kontakt\u00f3w i nawi\u0105zywanie wsp\u00f3\u0142pracy w celu realizacji wsp\u00f3lnych dzia\u0142a\u0144<\/p>\n<p>\u2013 System wiedzy i innowacji (AKIS<\/p>\n<p><strong>Informuje<\/strong>:<\/p>\n<p>\u2013 O polityce rolnictwa i rozwoju obszar\u00f3w wiejskich.<\/p>\n<hr \/>\n<p style=\"text-align: center;\">Zapraszamy r\u00f3wnie\u017c na nowy portal\u00a0 \u2013 <a href=\"https:\/\/www.ksowplus.pl\/\"><strong>KSOW+<\/strong><\/a><\/p>\n<p>&nbsp;<\/p>\n","protected":false},"excerpt":{"rendered":"<p>Krajowa Sie\u0107 Obszar\u00f3w Wiejskich+ (KSOW+)\u00a0to partnerska sie\u0107 wymiany informacji i wsp\u00f3\u0142pracy na szczeblu regionalnym, krajowym i mi\u0119dzynarodowym pomi\u0119dzy organizacjami i<\/p>\n","protected":false},"author":1,"featured_media":0,"parent":0,"menu_order":0,"comment_status":"closed","ping_status":"closed","template":"","meta":{"colormag_page_container_layout":"default_layout","colormag_page_sidebar_layout":"default_layout","footnotes":""},"class_list":["post-27203","page","type-page","status-publish","hentry"],"_links":{"self":[{"href":"https:\/\/sir.kpodr.pl\/index.php\/wp-json\/wp\/v2\/pages\/27203","targetHints":{"allow":["GET"]}}],"collection":[{"href":"https:\/\/sir.kpodr.pl\/index.php\/wp-json\/wp\/v2\/pages"}],"about":[{"href":"https:\/\/sir.kpodr.pl\/index.php\/wp-json\/wp\/v2\/types\/page"}],"author":[{"embeddable":true,"href":"https:\/\/sir.kpodr.pl\/index.php\/wp-json\/wp\/v2\/users\/1"}],"replies":[{"embeddable":true,"href":"https:\/\/sir.kpodr.pl\/index.php\/wp-json\/wp\/v2\/comments?post=27203"}],"version-history":[{"count":5,"href":"https:\/\/sir.kpodr.pl\/index.php\/wp-json\/wp\/v2\/pages\/27203\/revisions"}],"predecessor-version":[{"id":27212,"href":"https:\/\/sir.kpodr.pl\/index.php\/wp-json\/wp\/v2\/pages\/27203\/revisions\/27212"}],"wp:attachment":[{"href":"https:\/\/sir.kpodr.pl\/index.php\/wp-json\/wp\/v2\/media?parent=27203"}],"curies":[{"name":"wp","href":"https:\/\/api.w.org\/{rel}","templated":true}]}}